{"id":2574,"date":"2024-05-28T13:55:20","date_gmt":"2024-05-28T05:55:20","guid":{"rendered":"https:\/\/lv.spacecraft.com.tw\/?post_type=product&#038;p=2574"},"modified":"2024-11-29T14:21:53","modified_gmt":"2024-11-29T06:21:53","slug":"nlvp","status":"publish","type":"product","link":"https:\/\/lv-tool.com.tw\/vi\/san-pham\/nlvp\/","title":{"rendered":"NLVP"},"content":{"rendered":"<div data-elementor-type=\"product-post\" data-elementor-id=\"2574\" class=\"elementor elementor-2574\" data-elementor-post-type=\"product\">\n\t\t\t\t\t\t<section class=\"elementor-section elementor-top-section elementor-element elementor-element-05c90f2 elementor-section-boxed elementor-section-height-default elementor-section-height-default\" data-id=\"05c90f2\" data-element_type=\"section\">\n\t\t\t\t\t\t<div class=\"elementor-container elementor-column-gap-default\">\n\t\t\t\t\t<div class=\"elementor-column elementor-col-100 elementor-top-column elementor-element elementor-element-97e60cc\" data-id=\"97e60cc\" data-element_type=\"column\">\n\t\t\t<div class=\"elementor-widget-wrap elementor-element-populated\">\n\t\t\t\t\t\t<div class=\"elementor-element elementor-element-d5fa908 uael-header-sticky-no uael-border-yes elementor-widget elementor-widget-uael-table\" data-id=\"d5fa908\" data-element_type=\"widget\" data-widget_type=\"uael-table.default\">\n\t\t\t\t<div class=\"elementor-widget-container\">\n\t\t\t<div itemscope class=\"uael-table-wrapper\" itemtype=\"http:\/\/schema.org\/Table\">\n\t\t<table id=\"uael-table-id-d5fa908\" class=\"uael-text-break uael-column-rules uael-table\" data-sort-table=\"no\" data-show-entry=\"no\" data-searchable=\"no\" data-responsive=\"no\">\n\t\t\t\t<thead>\n\t\t\t\t\t\t\t\t\t\t<tr class=\"uael-table-row\">\n\t\t\t\t\t\t\t\t\t\t\t\t\t<th data-sort=\"0\" class=\"sort-this elementor-repeater-item-e037439 uael-table-col uael-table-head-cell-text\" scope=\"col\">\n\t\t\t\t\t\t\t<span class=\"sort-style\">\n\t\t\t\t\t\t\t<span class=\"uael-table__text\">\n\t\t\t\t\t\t\t\t\t\t\t\t\t\t\t\t\t\t\t\t\t\t\t\t\t\t\t\t\t\t\t\t\t\t<span class=\"uael-table__text-inner\">ng\u01b0\u1eddi m\u1eabu<\/span>\n\n\t\t\t\t\t\t\t\t\t\t\t\t\t\t\t\t\t\t\t\t\t\t\t\t\t\t\t\t\t\t\t\t\t<\/span>\n\t\t\t\t\t\t\t\t\t\t\t\t\t\t<\/span>\n\t\t\t\t\t\t<\/th>\n\t\t\t\t\t\t\t\t\t\t\t\t<th data-sort=\"1\" class=\"sort-this elementor-repeater-item-27867f1 uael-table-col uael-table-head-cell-text\" scope=\"col\">\n\t\t\t\t\t\t\t<span class=\"sort-style\">\n\t\t\t\t\t\t\t<span class=\"uael-table__text\">\n\t\t\t\t\t\t\t\t\t\t\t\t\t\t\t\t\t\t\t\t\t\t\t\t\t\t\t\t\t\t\t\t\t\t<span class=\"uael-table__text-inner\">\u0110\u1eb7c \u0111i\u1ec3m k\u1ef9 thu\u1eadt<\/span>\n\n\t\t\t\t\t\t\t\t\t\t\t\t\t\t\t\t\t\t\t\t\t\t\t\t\t\t\t\t\t\t\t\t\t<\/span>\n\t\t\t\t\t\t\t\t\t\t\t\t\t\t<\/span>\n\t\t\t\t\t\t<\/th>\n\t\t\t\t\t\t\t\t<\/thead>\n\t\t\t\t<tbody>\n\t\t\t<!-- ROWS -->\n\t\t\t\t\t\t\t\t\t\t<tr data-entry=\"1\" class=\"uael-table-row\">\n\t\t\t\t\t\t\t\t\t\t\t\t\t\t\t\t\t<td class=\"uael-table-col uael-table-body-cell-text elementor-repeater-item-e22fdc7\" data-title=\"\u578b\u865f\">\n\t\t\t\t\t\t\t\t\t\t\t\t\t\t\t<span class=\"uael-table__text\">\n\t\t\t\t\t\t\t\t\t\t\t\t\t\t\t\t\t\t\t\t\t\t\t\t\t\t\t\t\t\t\t\t\t\t\t\t\t<span class=\"uael-table__text-inner\">10100M3<\/span>\n\t\t\t\t\t\t\t\t\t\t\t\t\t\t\t\t\t\t\t\t\t\t\t\t\t\t\t\t\t\t\t\t\t\t\t\t<\/span>\n\t\t\t\t\t\t\t\t\t\t\t\t\t<\/td>\n\t\t\t\t\t\t\t\t\t\t\t\t\t<td class=\"uael-table-col uael-table-body-cell-text elementor-repeater-item-0e5cf34\" data-title=\"\u898f\u683c\">\n\t\t\t\t\t\t\t\t\t\t\t\t\t\t\t<span class=\"uael-table__text\">\n\t\t\t\t\t\t\t\t\t\t\t\t\t\t\t\t\t\t\t\t\t\t\t\t\t\t\t\t\t\t\t\t\t\t\t\t\t<span class=\"uael-table__text-inner\">D10-100-M03<\/span>\n\t\t\t\t\t\t\t\t\t\t\t\t\t\t\t\t\t\t\t\t\t\t\t\t\t\t\t\t\t\t\t\t\t\t\t\t<\/span>\n\t\t\t\t\t\t\t\t\t\t\t\t\t<\/td>\n\t\t\t\t\t\t\t\t\t\t\t\t\t\t<\/tr><tr data-entry=\"2\" class=\"uael-table-row\">\n\t\t\t\t\t\t\t\t\t\t\t\t\t\t\t\t\t\t<td class=\"uael-table-col uael-table-body-cell-text elementor-repeater-item-16cc645\" data-title=\"\u578b\u865f\">\n\t\t\t\t\t\t\t\t\t\t\t\t\t\t\t<span class=\"uael-table__text\">\n\t\t\t\t\t\t\t\t\t\t\t\t\t\t\t\t\t\t\t\t\t\t\t\t\t\t\t\t\t\t\t\t\t\t\t\t\t<span class=\"uael-table__text-inner\">10130M3<\/span>\n\t\t\t\t\t\t\t\t\t\t\t\t\t\t\t\t\t\t\t\t\t\t\t\t\t\t\t\t\t\t\t\t\t\t\t\t<\/span>\n\t\t\t\t\t\t\t\t\t\t\t\t\t<\/td>\n\t\t\t\t\t\t\t\t\t\t\t\t\t<td class=\"uael-table-col uael-table-body-cell-text elementor-repeater-item-3594bb7\" data-title=\"\u898f\u683c\">\n\t\t\t\t\t\t\t\t\t\t\t\t\t\t\t<span class=\"uael-table__text\">\n\t\t\t\t\t\t\t\t\t\t\t\t\t\t\t\t\t\t\t\t\t\t\t\t\t\t\t\t\t\t\t\t\t\t\t\t\t<span class=\"uael-table__text-inner\">D10-130-M03<\/span>\n\t\t\t\t\t\t\t\t\t\t\t\t\t\t\t\t\t\t\t\t\t\t\t\t\t\t\t\t\t\t\t\t\t\t\t\t<\/span>\n\t\t\t\t\t\t\t\t\t\t\t\t\t<\/td>\n\t\t\t\t\t\t\t\t\t\t\t\t\t\t<\/tr><tr data-entry=\"3\" class=\"uael-table-row\">\n\t\t\t\t\t\t\t\t\t\t\t\t\t\t\t\t\t\t<td class=\"uael-table-col uael-table-body-cell-text elementor-repeater-item-11eff86\" data-title=\"\u578b\u865f\">\n\t\t\t\t\t\t\t\t\t\t\t\t\t\t\t<span class=\"uael-table__text\">\n\t\t\t\t\t\t\t\t\t\t\t\t\t\t\t\t\t\t\t\t\t\t\t\t\t\t\t\t\t\t\t\t\t\t\t\t\t<span class=\"uael-table__text-inner\">10160M3<\/span>\n\t\t\t\t\t\t\t\t\t\t\t\t\t\t\t\t\t\t\t\t\t\t\t\t\t\t\t\t\t\t\t\t\t\t\t\t<\/span>\n\t\t\t\t\t\t\t\t\t\t\t\t\t<\/td>\n\t\t\t\t\t\t\t\t\t\t\t\t\t<td class=\"uael-table-col uael-table-body-cell-text elementor-repeater-item-8f7eb57\" data-title=\"\u898f\u683c\">\n\t\t\t\t\t\t\t\t\t\t\t\t\t\t\t<span class=\"uael-table__text\">\n\t\t\t\t\t\t\t\t\t\t\t\t\t\t\t\t\t\t\t\t\t\t\t\t\t\t\t\t\t\t\t\t\t\t\t\t\t<span class=\"uael-table__text-inner\">D10-160-M03<\/span>\n\t\t\t\t\t\t\t\t\t\t\t\t\t\t\t\t\t\t\t\t\t\t\t\t\t\t\t\t\t\t\t\t\t\t\t\t<\/span>\n\t\t\t\t\t\t\t\t\t\t\t\t\t<\/td>\n\t\t\t\t\t\t\t\t\t\t\t\t\t\t<\/tr><tr data-entry=\"4\" class=\"uael-table-row\">\n\t\t\t\t\t\t\t\t\t\t\t\t\t\t\t\t\t\t<td class=\"uael-table-col uael-table-body-cell-text elementor-repeater-item-80903bb\" data-title=\"\u578b\u865f\">\n\t\t\t\t\t\t\t\t\t\t\t\t\t\t\t<span class=\"uael-table__text\">\n\t\t\t\t\t\t\t\t\t\t\t\t\t\t\t\t\t\t\t\t\t\t\t\t\t\t\t\t\t\t\t\t\t\t\t\t\t<span class=\"uael-table__text-inner\">10200M3<\/span>\n\t\t\t\t\t\t\t\t\t\t\t\t\t\t\t\t\t\t\t\t\t\t\t\t\t\t\t\t\t\t\t\t\t\t\t\t<\/span>\n\t\t\t\t\t\t\t\t\t\t\t\t\t<\/td>\n\t\t\t\t\t\t\t\t\t\t\t\t\t<td class=\"uael-table-col uael-table-body-cell-text elementor-repeater-item-455ac00\" data-title=\"\u898f\u683c\">\n\t\t\t\t\t\t\t\t\t\t\t\t\t\t\t<span class=\"uael-table__text\">\n\t\t\t\t\t\t\t\t\t\t\t\t\t\t\t\t\t\t\t\t\t\t\t\t\t\t\t\t\t\t\t\t\t\t\t\t\t<span class=\"uael-table__text-inner\">D10-200-M03<\/span>\n\t\t\t\t\t\t\t\t\t\t\t\t\t\t\t\t\t\t\t\t\t\t\t\t\t\t\t\t\t\t\t\t\t\t\t\t<\/span>\n\t\t\t\t\t\t\t\t\t\t\t\t\t<\/td>\n\t\t\t\t\t\t\t\t\t<\/tbody>\n\t<\/table>\n\t\t<\/div>\n\t\t<\/div>\n\t\t\t\t<\/div>\n\t\t\t\t<div class=\"elementor-element elementor-element-29daea3 elementor-widget elementor-widget-button\" data-id=\"29daea3\" data-element_type=\"widget\" data-widget_type=\"button.default\">\n\t\t\t\t<div class=\"elementor-widget-container\">\n\t\t\t\t\t\t\t<div class=\"elementor-button-wrapper\">\n\t\t\t\t\t<a class=\"elementor-button elementor-button-link elementor-size-sm\" href=\"https:\/\/lv-tool.com.tw\/wp-content\/uploads\/2024\/11\/lvtool_jpg_1222153221951_2018_168484_45_53.jpg\" target=\"_blank\">\n\t\t\t\t\t\t<span class=\"elementor-button-content-wrapper\">\n\t\t\t\t\t\t<span class=\"elementor-button-icon\">\n\t\t\t\t<i aria-hidden=\"true\" class=\"fas fa-file-download\"><\/i>\t\t\t<\/span>\n\t\t\t\t\t\t\t\t\t<span class=\"elementor-button-text\">T\u1ea3i xu\u1ed1ng danh m\u1ee5c m\u1ed9t trang<\/span>\n\t\t\t\t\t<\/span>\n\t\t\t\t\t<\/a>\n\t\t\t\t<\/div>\n\t\t\t\t\t\t<\/div>\n\t\t\t\t<\/div>\n\t\t\t\t\t<\/div>\n\t\t<\/div>\n\t\t\t\t\t<\/div>\n\t\t<\/section>\n\t\t\t\t<\/div>","protected":false},"excerpt":{"rendered":"<p>Gi\u00e1 \u0111\u1ee1 d\u1ee5ng c\u1ee5 c\u00f4n th\u00e9p vonfram ch\u1ed1ng s\u1ed1c<\/p>\n<p>1. \u0110\u1ed9 c\u1ee9ng cao v\u00e0 kh\u1ea3 n\u0103ng ch\u1ed1ng \u0111\u1ed9ng \u0111\u1ea5t tuy\u1ec7t v\u1eddi<br \/>\n2. M\u1edf r\u1ed9ng \u0111\u00e1ng k\u1ec3 \u0111\u1ed9 s\u00e2u x\u1eed l\u00fd<br \/>\n3. Gi\u1ea3m chi ph\u00ed s\u1ea3n xu\u1ea5t v\u00e0 k\u00e9o d\u00e0i tu\u1ed5i th\u1ecd d\u1ee5ng c\u1ee5<\/p>","protected":false},"featured_media":2575,"template":"","meta":[],"product_cat":[129,47],"product_tag":[],"class_list":{"0":"post-2574","1":"product","2":"type-product","3":"status-publish","4":"has-post-thumbnail","6":"product_cat-anti-vibration-tool-holder-replaceable-end-mill-head","7":"product_cat-cutting-tools","9":"first","10":"instock","11":"shipping-taxable","12":"product-type-simple"},"yoast_head":"<!-- This site is optimized with the Yoast SEO Premium plugin v20.3 (Yoast SEO v23.8) - https:\/\/yoast.com\/wordpress\/plugins\/seo\/ -->\n<title>NLVP - \u5143\u99ff\u570b\u969b\u6709\u9650\u516c\u53f8<\/title>\n<meta name=\"robots\" content=\"index, follow, max-snippet:-1, max-image-preview:large, max-video-preview:-1\" \/>\n<link rel=\"canonical\" href=\"https:\/\/lv-tool.com.tw\/vi\/san-pham\/nlvp\/\" \/>\n<meta property=\"og:locale\" content=\"vi_VN\" \/>\n<meta property=\"og:type\" content=\"article\" \/>\n<meta property=\"og:title\" content=\"NLVP\" \/>\n<meta property=\"og:description\" content=\"\u93a2\u92fc\u9310\u5ea6\u6297\u9707\u5200\u687f  1. \u525b\u6027\u5f37\uff0c\u6297\u9707\u80fd\u529b\u512a\u7570 2. \u5927\u5e45\u5ef6\u9577\u52a0\u5de5\u6df1\u5ea6 3. \u964d\u4f4e\u751f\u7522\u6210\u672c\uff0c\u5ef6\u9577\u5200\u5177\u58fd\u547d\" \/>\n<meta property=\"og:url\" content=\"https:\/\/lv-tool.com.tw\/vi\/san-pham\/nlvp\/\" \/>\n<meta property=\"og:site_name\" content=\"\u5143\u99ff\u570b\u969b\u6709\u9650\u516c\u53f8\" \/>\n<meta property=\"article:modified_time\" content=\"2024-11-29T06:21:53+00:00\" \/>\n<meta property=\"og:image\" content=\"https:\/\/lv-tool.com.tw\/wp-content\/uploads\/2024\/05\/NLVP.jpg\" \/>\n\t<meta property=\"og:image:width\" content=\"500\" \/>\n\t<meta property=\"og:image:height\" content=\"500\" \/>\n\t<meta property=\"og:image:type\" content=\"image\/jpeg\" \/>\n<meta name=\"twitter:card\" content=\"summary_large_image\" \/>\n<script type=\"application\/ld+json\" class=\"yoast-schema-graph\">{\"@context\":\"https:\/\/schema.org\",\"@graph\":[{\"@type\":\"WebPage\",\"@id\":\"https:\/\/lv-tool.com.tw\/product\/nlvp\/\",\"url\":\"https:\/\/lv-tool.com.tw\/product\/nlvp\/\",\"name\":\"NLVP - \u5143\u99ff\u570b\u969b\u6709\u9650\u516c\u53f8\",\"isPartOf\":{\"@id\":\"https:\/\/lv-tool.com.tw\/#website\"},\"primaryImageOfPage\":{\"@id\":\"https:\/\/lv-tool.com.tw\/product\/nlvp\/#primaryimage\"},\"image\":{\"@id\":\"https:\/\/lv-tool.com.tw\/product\/nlvp\/#primaryimage\"},\"thumbnailUrl\":\"https:\/\/lv-tool.com.tw\/wp-content\/uploads\/2024\/05\/NLVP.jpg\",\"datePublished\":\"2024-05-28T05:55:20+00:00\",\"dateModified\":\"2024-11-29T06:21:53+00:00\",\"breadcrumb\":{\"@id\":\"https:\/\/lv-tool.com.tw\/product\/nlvp\/#breadcrumb\"},\"inLanguage\":\"vi\",\"potentialAction\":[{\"@type\":\"ReadAction\",\"target\":[\"https:\/\/lv-tool.com.tw\/product\/nlvp\/\"]}]},{\"@type\":\"ImageObject\",\"inLanguage\":\"vi\",\"@id\":\"https:\/\/lv-tool.com.tw\/product\/nlvp\/#primaryimage\",\"url\":\"https:\/\/lv-tool.com.tw\/wp-content\/uploads\/2024\/05\/NLVP.jpg\",\"contentUrl\":\"https:\/\/lv-tool.com.tw\/wp-content\/uploads\/2024\/05\/NLVP.jpg\",\"width\":500,\"height\":500},{\"@type\":\"BreadcrumbList\",\"@id\":\"https:\/\/lv-tool.com.tw\/product\/nlvp\/#breadcrumb\",\"itemListElement\":[{\"@type\":\"ListItem\",\"position\":1,\"name\":\"\u9996\u9801\",\"item\":\"https:\/\/lv-tool.com.tw\/\"},{\"@type\":\"ListItem\",\"position\":2,\"name\":\"\u5546\u5e97\",\"item\":\"https:\/\/lv-tool.com.tw\/shop\/\"},{\"@type\":\"ListItem\",\"position\":3,\"name\":\"NLVP\"}]},{\"@type\":\"WebSite\",\"@id\":\"https:\/\/lv-tool.com.tw\/#website\",\"url\":\"https:\/\/lv-tool.com.tw\/\",\"name\":\"\u5143\u99ff\u570b\u969b\u6709\u9650\u516c\u53f8\",\"description\":\"\u5c08\u696d\u8a2d\u8a08 \u7368\u7acb\u751f\u7522 \u7d66\u60a8\u6700\u597d\u7684\u54c1\u8cea\",\"publisher\":{\"@id\":\"https:\/\/lv-tool.com.tw\/#organization\"},\"potentialAction\":[{\"@type\":\"SearchAction\",\"target\":{\"@type\":\"EntryPoint\",\"urlTemplate\":\"https:\/\/lv-tool.com.tw\/?s={search_term_string}\"},\"query-input\":{\"@type\":\"PropertyValueSpecification\",\"valueRequired\":true,\"valueName\":\"search_term_string\"}}],\"inLanguage\":\"vi\"},{\"@type\":\"Organization\",\"@id\":\"https:\/\/lv-tool.com.tw\/#organization\",\"name\":\"\u5143\u99ff\u570b\u969b\u6709\u9650\u516c\u53f8\",\"url\":\"https:\/\/lv-tool.com.tw\/\",\"logo\":{\"@type\":\"ImageObject\",\"inLanguage\":\"vi\",\"@id\":\"https:\/\/lv-tool.com.tw\/#\/schema\/logo\/image\/\",\"url\":\"https:\/\/lv-tool.com.tw\/wp-content\/uploads\/2024\/05\/cropped-\u516c\u53f8LOGO\u5716\u6a94-icon-1.png\",\"contentUrl\":\"https:\/\/lv-tool.com.tw\/wp-content\/uploads\/2024\/05\/cropped-\u516c\u53f8LOGO\u5716\u6a94-icon-1.png\",\"width\":66,\"height\":66,\"caption\":\"\u5143\u99ff\u570b\u969b\u6709\u9650\u516c\u53f8\"},\"image\":{\"@id\":\"https:\/\/lv-tool.com.tw\/#\/schema\/logo\/image\/\"}}]}<\/script>\n<!-- \/ Yoast SEO Premium plugin. -->","yoast_head_json":{"title":"NLVP - \u5143\u99ff\u570b\u969b\u6709\u9650\u516c\u53f8","robots":{"index":"index","follow":"follow","max-snippet":"max-snippet:-1","max-image-preview":"max-image-preview:large","max-video-preview":"max-video-preview:-1"},"canonical":"https:\/\/lv-tool.com.tw\/vi\/san-pham\/nlvp\/","og_locale":"vi_VN","og_type":"article","og_title":"NLVP","og_description":"\u93a2\u92fc\u9310\u5ea6\u6297\u9707\u5200\u687f  1. \u525b\u6027\u5f37\uff0c\u6297\u9707\u80fd\u529b\u512a\u7570 2. \u5927\u5e45\u5ef6\u9577\u52a0\u5de5\u6df1\u5ea6 3. \u964d\u4f4e\u751f\u7522\u6210\u672c\uff0c\u5ef6\u9577\u5200\u5177\u58fd\u547d","og_url":"https:\/\/lv-tool.com.tw\/vi\/san-pham\/nlvp\/","og_site_name":"\u5143\u99ff\u570b\u969b\u6709\u9650\u516c\u53f8","article_modified_time":"2024-11-29T06:21:53+00:00","og_image":[{"width":500,"height":500,"url":"https:\/\/lv-tool.com.tw\/wp-content\/uploads\/2024\/05\/NLVP.jpg","type":"image\/jpeg"}],"twitter_card":"summary_large_image","schema":{"@context":"https:\/\/schema.org","@graph":[{"@type":"WebPage","@id":"https:\/\/lv-tool.com.tw\/product\/nlvp\/","url":"https:\/\/lv-tool.com.tw\/product\/nlvp\/","name":"NLVP - \u5143\u99ff\u570b\u969b\u6709\u9650\u516c\u53f8","isPartOf":{"@id":"https:\/\/lv-tool.com.tw\/#website"},"primaryImageOfPage":{"@id":"https:\/\/lv-tool.com.tw\/product\/nlvp\/#primaryimage"},"image":{"@id":"https:\/\/lv-tool.com.tw\/product\/nlvp\/#primaryimage"},"thumbnailUrl":"https:\/\/lv-tool.com.tw\/wp-content\/uploads\/2024\/05\/NLVP.jpg","datePublished":"2024-05-28T05:55:20+00:00","dateModified":"2024-11-29T06:21:53+00:00","breadcrumb":{"@id":"https:\/\/lv-tool.com.tw\/product\/nlvp\/#breadcrumb"},"inLanguage":"vi","potentialAction":[{"@type":"ReadAction","target":["https:\/\/lv-tool.com.tw\/product\/nlvp\/"]}]},{"@type":"ImageObject","inLanguage":"vi","@id":"https:\/\/lv-tool.com.tw\/product\/nlvp\/#primaryimage","url":"https:\/\/lv-tool.com.tw\/wp-content\/uploads\/2024\/05\/NLVP.jpg","contentUrl":"https:\/\/lv-tool.com.tw\/wp-content\/uploads\/2024\/05\/NLVP.jpg","width":500,"height":500},{"@type":"BreadcrumbList","@id":"https:\/\/lv-tool.com.tw\/product\/nlvp\/#breadcrumb","itemListElement":[{"@type":"ListItem","position":1,"name":"\u9996\u9801","item":"https:\/\/lv-tool.com.tw\/"},{"@type":"ListItem","position":2,"name":"\u5546\u5e97","item":"https:\/\/lv-tool.com.tw\/shop\/"},{"@type":"ListItem","position":3,"name":"NLVP"}]},{"@type":"WebSite","@id":"https:\/\/lv-tool.com.tw\/#website","url":"https:\/\/lv-tool.com.tw\/","name":"\u5143\u99ff\u570b\u969b\u6709\u9650\u516c\u53f8","description":"\u5c08\u696d\u8a2d\u8a08 \u7368\u7acb\u751f\u7522 \u7d66\u60a8\u6700\u597d\u7684\u54c1\u8cea","publisher":{"@id":"https:\/\/lv-tool.com.tw\/#organization"},"potentialAction":[{"@type":"SearchAction","target":{"@type":"EntryPoint","urlTemplate":"https:\/\/lv-tool.com.tw\/?s={search_term_string}"},"query-input":{"@type":"PropertyValueSpecification","valueRequired":true,"valueName":"search_term_string"}}],"inLanguage":"vi"},{"@type":"Organization","@id":"https:\/\/lv-tool.com.tw\/#organization","name":"\u5143\u99ff\u570b\u969b\u6709\u9650\u516c\u53f8","url":"https:\/\/lv-tool.com.tw\/","logo":{"@type":"ImageObject","inLanguage":"vi","@id":"https:\/\/lv-tool.com.tw\/#\/schema\/logo\/image\/","url":"https:\/\/lv-tool.com.tw\/wp-content\/uploads\/2024\/05\/cropped-\u516c\u53f8LOGO\u5716\u6a94-icon-1.png","contentUrl":"https:\/\/lv-tool.com.tw\/wp-content\/uploads\/2024\/05\/cropped-\u516c\u53f8LOGO\u5716\u6a94-icon-1.png","width":66,"height":66,"caption":"\u5143\u99ff\u570b\u969b\u6709\u9650\u516c\u53f8"},"image":{"@id":"https:\/\/lv-tool.com.tw\/#\/schema\/logo\/image\/"}}]}},"_links":{"self":[{"href":"https:\/\/lv-tool.com.tw\/vi\/wp-json\/wp\/v2\/product\/2574"}],"collection":[{"href":"https:\/\/lv-tool.com.tw\/vi\/wp-json\/wp\/v2\/product"}],"about":[{"href":"https:\/\/lv-tool.com.tw\/vi\/wp-json\/wp\/v2\/types\/product"}],"version-history":[{"count":0,"href":"https:\/\/lv-tool.com.tw\/vi\/wp-json\/wp\/v2\/product\/2574\/revisions"}],"wp:featuredmedia":[{"embeddable":true,"href":"https:\/\/lv-tool.com.tw\/vi\/wp-json\/wp\/v2\/media\/2575"}],"wp:attachment":[{"href":"https:\/\/lv-tool.com.tw\/vi\/wp-json\/wp\/v2\/media?parent=2574"}],"wp:term":[{"taxonomy":"product_cat","embeddable":true,"href":"https:\/\/lv-tool.com.tw\/vi\/wp-json\/wp\/v2\/product_cat?post=2574"},{"taxonomy":"product_tag","embeddable":true,"href":"https:\/\/lv-tool.com.tw\/vi\/wp-json\/wp\/v2\/product_tag?post=2574"}],"curies":[{"name":"wp","href":"https:\/\/api.w.org\/{rel}","templated":true}]}}